{"id":7,"date":"2023-11-18T22:57:40","date_gmt":"2023-11-18T22:57:40","guid":{"rendered":"https:\/\/black.mihpocket.com.br\/?page_id=7"},"modified":"2025-11-11T02:07:10","modified_gmt":"2025-11-11T02:07:10","slug":"elementor-7","status":"publish","type":"page","link":"https:\/\/black.mihpocket.com.br\/","title":{"rendered":"Home Black"},"content":{"rendered":"\t\t<div data-elementor-type=\"wp-post\" data-elementor-id=\"7\" class=\"elementor elementor-7\">\n\t\t\t\t<div class=\"elementor-element elementor-element-2d54394 e-flex e-con-boxed e-con e-parent\" data-id=\"2d54394\" data-element_type=\"container\" data-settings=\"{&quot;background_background&quot;:&quot;classic&quot;}\">\n\t\t\t\t\t<div class=\"e-con-inner\">\n\t\t<div class=\"elementor-element elementor-element-7372a98 e-grid e-con-full e-con e-child\" data-id=\"7372a98\" data-element_type=\"container\">\n\t\t<div class=\"elementor-element elementor-element-da6dd3f e-flex e-con-boxed e-con e-child\" data-id=\"da6dd3f\" data-element_type=\"container\">\n\t\t\t\t\t<div class=\"e-con-inner\">\n\t\t\t\t<div class=\"elementor-element elementor-element-a8a2eb0 elementor-hidden-mobile elementor-widget elementor-widget-image\" data-id=\"a8a2eb0\" data-element_type=\"widget\" data-widget_type=\"image.default\">\n\t\t\t\t<div class=\"elementor-widget-container\">\n\t\t\t\t\t\t\t\t\t\t\t\t\t\t\t<img fetchpriority=\"high\" decoding=\"async\" width=\"368\" height=\"138\" src=\"https:\/\/black.mihpocket.com.br\/wp-content\/uploads\/2023\/11\/logo-pocket-black.png\" class=\"attachment-large size-large wp-image-12\" alt=\"\" srcset=\"https:\/\/black.mihpocket.com.br\/wp-content\/uploads\/2023\/11\/logo-pocket-black.png 368w, https:\/\/black.mihpocket.com.br\/wp-content\/uploads\/2023\/11\/logo-pocket-black-300x113.png 300w\" sizes=\"(max-width: 368px) 100vw, 368px\" \/>\t\t\t\t\t\t\t\t\t\t\t\t\t\t\t<\/div>\n\t\t\t\t<\/div>\n\t\t\t\t<div class=\"elementor-element elementor-element-672c20f elementor-hidden-desktop elementor-hidden-tablet elementor-widget elementor-widget-image\" data-id=\"672c20f\" data-element_type=\"widget\" data-widget_type=\"image.default\">\n\t\t\t\t<div class=\"elementor-widget-container\">\n\t\t\t\t\t\t\t\t\t\t\t\t\t\t\t<img decoding=\"async\" width=\"250\" height=\"94\" src=\"https:\/\/black.mihpocket.com.br\/wp-content\/uploads\/2023\/11\/logo-pocket-black-menor.png\" class=\"attachment-large size-large wp-image-177\" alt=\"\" \/>\t\t\t\t\t\t\t\t\t\t\t\t\t\t\t<\/div>\n\t\t\t\t<\/div>\n\t\t\t\t<div class=\"elementor-element elementor-element-2de91b2 elementor-widget elementor-widget-text-editor\" data-id=\"2de91b2\" data-element_type=\"widget\" data-widget_type=\"text-editor.default\">\n\t\t\t\t<div class=\"elementor-widget-container\">\n\t\t\t\t\t\t\t\t\t<h4 style=\"text-align: center; color: #fff; font-weight: 800;\">TODOS OS CURSOS COM DESCONTOS<span style=\"color: #ffe612;\"> ABSURDOS<\/span><\/h4>\t\t\t\t\t\t\t\t<\/div>\n\t\t\t\t<\/div>\n\t\t\t\t<div class=\"elementor-element elementor-element-11c0fdd elementor-widget__width-initial elementor-widget elementor-widget-eael-countdown\" data-id=\"11c0fdd\" data-element_type=\"widget\" data-widget_type=\"eael-countdown.default\">\n\t\t\t\t<div class=\"elementor-widget-container\">\n\t\t\t\t\t\n\t\t<div class=\"eael-countdown-wrapper\" data-countdown-id=\"11c0fdd\" data-expire-type=\"none\" data-countdown-type=\"due_date\">\n\t\t\t<div class=\"eael-countdown-container eael-countdown-label-block   \">\n                                    <ul id=\"eael-countdown-11c0fdd\" class=\"eael-countdown-items\" data-date=\"Nov 29 2025 23:59:00 +0\">\n                        <li class=\"eael-countdown-item\"><div class=\"eael-countdown-days\"><span data-days class=\"eael-countdown-digits\">00<\/span><span class=\"eael-countdown-label\">Dias<\/span><\/div><\/li>                        <li class=\"eael-countdown-item\"><div class=\"eael-countdown-hours\"><span data-hours class=\"eael-countdown-digits\">00<\/span><span class=\"eael-countdown-label\">Horas<\/span><\/div><\/li>                        <li class=\"eael-countdown-item\"><div class=\"eael-countdown-minutes\"><span data-minutes class=\"eael-countdown-digits\">00<\/span><span class=\"eael-countdown-label\">Min.<\/span><\/div><\/li>                        <li class=\"eael-countdown-item\"><div class=\"eael-countdown-seconds\"><span data-seconds class=\"eael-countdown-digits\">00<\/span><span class=\"eael-countdown-label\">Seg.<\/span><\/div><\/li>                    <\/ul>\n                    <div class=\"eael-countdown-expiry-template\" style=\"display: none;\">\n                                            <\/div>\n               \n\t\t\t    <div class=\"clearfix\"><\/div>\n\t\t\t<\/div>\n\t\t<\/div>\n\n\t\t\t\t\t<\/div>\n\t\t\t\t<\/div>\n\t\t\t\t\t<\/div>\n\t\t\t\t<\/div>\n\t\t\t\t<div class=\"elementor-element elementor-element-0d227d5 elementor-hidden-mobile elementor-widget elementor-widget-image\" data-id=\"0d227d5\" data-element_type=\"widget\" data-widget_type=\"image.default\">\n\t\t\t\t<div class=\"elementor-widget-container\">\n\t\t\t\t\t\t\t\t\t\t\t\t\t\t\t<img decoding=\"async\" width=\"408\" height=\"571\" src=\"https:\/\/black.mihpocket.com.br\/wp-content\/uploads\/2023\/11\/pocket-1.png\" class=\"attachment-medium_large size-medium_large wp-image-33\" alt=\"\" srcset=\"https:\/\/black.mihpocket.com.br\/wp-content\/uploads\/2023\/11\/pocket-1.png 408w, https:\/\/black.mihpocket.com.br\/wp-content\/uploads\/2023\/11\/pocket-1-214x300.png 214w\" sizes=\"(max-width: 408px) 100vw, 408px\" \/>\t\t\t\t\t\t\t\t\t\t\t\t\t\t\t<\/div>\n\t\t\t\t<\/div>\n\t\t\t\t<div class=\"elementor-element elementor-element-365f799 elementor-hidden-desktop elementor-hidden-tablet elementor-widget elementor-widget-image\" data-id=\"365f799\" data-element_type=\"widget\" data-widget_type=\"image.default\">\n\t\t\t\t<div class=\"elementor-widget-container\">\n\t\t\t\t\t\t\t\t\t\t\t\t\t\t\t<img loading=\"lazy\" decoding=\"async\" width=\"352\" height=\"423\" src=\"https:\/\/black.mihpocket.com.br\/wp-content\/uploads\/2025\/11\/75MIHMOBILE.png\" class=\"attachment-medium_large size-medium_large wp-image-346\" alt=\"\" srcset=\"https:\/\/black.mihpocket.com.br\/wp-content\/uploads\/2025\/11\/75MIHMOBILE.png 352w, https:\/\/black.mihpocket.com.br\/wp-content\/uploads\/2025\/11\/75MIHMOBILE-250x300.png 250w\" sizes=\"(max-width: 352px) 100vw, 352px\" \/>\t\t\t\t\t\t\t\t\t\t\t\t\t\t\t<\/div>\n\t\t\t\t<\/div>\n\t\t\t\t<div class=\"elementor-element elementor-element-4263cfc elementor-hidden-mobile elementor-widget elementor-widget-image\" data-id=\"4263cfc\" data-element_type=\"widget\" data-widget_type=\"image.default\">\n\t\t\t\t<div class=\"elementor-widget-container\">\n\t\t\t\t\t\t\t\t\t\t\t\t\t\t\t<img loading=\"lazy\" decoding=\"async\" width=\"411\" height=\"301\" src=\"https:\/\/black.mihpocket.com.br\/wp-content\/uploads\/2025\/11\/75MIH.png\" class=\"attachment-large size-large wp-image-339\" alt=\"\" srcset=\"https:\/\/black.mihpocket.com.br\/wp-content\/uploads\/2025\/11\/75MIH.png 411w, https:\/\/black.mihpocket.com.br\/wp-content\/uploads\/2025\/11\/75MIH-300x220.png 300w\" sizes=\"(max-width: 411px) 100vw, 411px\" \/>\t\t\t\t\t\t\t\t\t\t\t\t\t\t\t<\/div>\n\t\t\t\t<\/div>\n\t\t\t\t<\/div>\n\t\t<div class=\"elementor-element elementor-element-2938ec5 e-flex e-con-boxed e-con e-child\" data-id=\"2938ec5\" data-element_type=\"container\">\n\t\t\t\t\t<div class=\"e-con-inner\">\n\t\t<div class=\"elementor-element elementor-element-a355ad1 e-grid e-con-boxed e-con e-child\" data-id=\"a355ad1\" data-element_type=\"container\">\n\t\t\t\t\t<div class=\"e-con-inner\">\n\t\t<div class=\"elementor-element elementor-element-042bd94 e-flex e-con-boxed e-con e-child\" data-id=\"042bd94\" data-element_type=\"container\" data-settings=\"{&quot;background_background&quot;:&quot;classic&quot;}\">\n\t\t\t\t\t<div class=\"e-con-inner\">\n\t\t\t\t<div class=\"elementor-element elementor-element-8f8a4da elementor-widget elementor-widget-text-editor\" data-id=\"8f8a4da\" data-element_type=\"widget\" data-widget_type=\"text-editor.default\">\n\t\t\t\t<div class=\"elementor-widget-container\">\n\t\t\t\t\t\t\t\t\t<img decoding=\"async\" class=\"aligncenter\" src=\"https:\/\/black.mihpocket.com.br\/wp-content\/uploads\/2023\/11\/cricut-sem-segredos.png\" \/>\n<h4 style=\"color: #ffffff; line-height: 30px; text-align: center;\">Cricut sem Segredos<\/h4>\n&nbsp;\n<p style=\"color: #ffffff; text-align: center;\">Curso completo de Cricut com mais de 80 aulas pr\u00e1ticas. Voc\u00ea vai aprender a usar o Design Space e as m\u00e1quinas Cricut.<\/p>\n&nbsp;\n<p style=\"color: #ffffff; text-align: center;\">De R$ 899,90 por<\/p>\n\n<h4 style=\"color: #e00f80; line-height: 1px; font-weight: 800; text-align: center;\">R$ 497,90<\/h4>\n<p style=\"color: #e00f80; text-align: center;\">ou em 12x de R$ 51,50 por<\/p>\t\t\t\t\t\t\t\t<\/div>\n\t\t\t\t<\/div>\n\t\t\t\t<div class=\"elementor-element elementor-element-66682d0 elementor-align-center elementor-widget elementor-widget-button\" data-id=\"66682d0\" data-element_type=\"widget\" data-widget_type=\"button.default\">\n\t\t\t\t<div class=\"elementor-widget-container\">\n\t\t\t\t\t\t\t\t\t<div class=\"elementor-button-wrapper\">\n\t\t\t\t\t<a class=\"elementor-button elementor-button-link elementor-size-xl\" href=\"https:\/\/pag.ae\/7_8EGxxQt\">\n\t\t\t\t\t\t<span class=\"elementor-button-content-wrapper\">\n\t\t\t\t\t\t\t\t\t<span class=\"elementor-button-text\">COMPRE AGORA<\/span>\n\t\t\t\t\t<\/span>\n\t\t\t\t\t<\/a>\n\t\t\t\t<\/div>\n\t\t\t\t\t\t\t\t<\/div>\n\t\t\t\t<\/div>\n\t\t\t\t\t<\/div>\n\t\t\t\t<\/div>\n\t\t<div class=\"elementor-element elementor-element-5bd19d6 e-flex e-con-boxed e-con e-child\" data-id=\"5bd19d6\" data-element_type=\"container\" data-settings=\"{&quot;background_background&quot;:&quot;classic&quot;}\">\n\t\t\t\t\t<div class=\"e-con-inner\">\n\t\t\t\t<div class=\"elementor-element elementor-element-22870ba elementor-widget elementor-widget-text-editor\" data-id=\"22870ba\" data-element_type=\"widget\" data-widget_type=\"text-editor.default\">\n\t\t\t\t<div class=\"elementor-widget-container\">\n\t\t\t\t\t\t\t\t\t<img decoding=\"async\" class=\"aligncenter\" src=\"https:\/\/black.mihpocket.com.br\/wp-content\/uploads\/2024\/11\/capa-tire-a-cricut.png\" \/>\n<h4 style=\"color: #ffffff; line-height: 30px; text-align: center;\">Tire a Cricut do Arm\u00e1rio<\/h4>\n&nbsp;\n<p style=\"color: #ffffff; text-align: center;\">Aprenda a dominar a Cricut, com aulas que s\u00e3o uma verdadeira revolu\u00e7\u00e3o na sua vida. Com m\u00f3dulos que v\u00e3o da teoria \u00e0 pr\u00e1tica, mostrando todos os detalhes e possibilidades de uma Cricut.<\/p>\n<p style=\"color: #ffffff; text-align: center;\">De R$ 297 por<\/p>\n\n<h4 style=\"color: #e00f80; line-height: 1px; font-weight: 800; text-align: center;\">R$ 235,00<\/h4>\n<p style=\"color: #e00f80; text-align: center;\">ou em 12x de R$ 24,31 por<\/p>\t\t\t\t\t\t\t\t<\/div>\n\t\t\t\t<\/div>\n\t\t\t\t<div class=\"elementor-element elementor-element-ca597b6 elementor-align-center elementor-widget elementor-widget-button\" data-id=\"ca597b6\" data-element_type=\"widget\" data-widget_type=\"button.default\">\n\t\t\t\t<div class=\"elementor-widget-container\">\n\t\t\t\t\t\t\t\t\t<div class=\"elementor-button-wrapper\">\n\t\t\t\t\t<a class=\"elementor-button elementor-button-link elementor-size-xl\" href=\"https:\/\/pag.ae\/7-xtrqFB6\">\n\t\t\t\t\t\t<span class=\"elementor-button-content-wrapper\">\n\t\t\t\t\t\t\t\t\t<span class=\"elementor-button-text\">COMPRE AGORA<\/span>\n\t\t\t\t\t<\/span>\n\t\t\t\t\t<\/a>\n\t\t\t\t<\/div>\n\t\t\t\t\t\t\t\t<\/div>\n\t\t\t\t<\/div>\n\t\t\t\t\t<\/div>\n\t\t\t\t<\/div>\n\t\t<div class=\"elementor-element elementor-element-1942277 e-flex e-con-boxed e-con e-child\" data-id=\"1942277\" data-element_type=\"container\" data-settings=\"{&quot;background_background&quot;:&quot;classic&quot;}\">\n\t\t\t\t\t<div class=\"e-con-inner\">\n\t\t\t\t<div class=\"elementor-element elementor-element-6603f5a elementor-widget elementor-widget-text-editor\" data-id=\"6603f5a\" data-element_type=\"widget\" data-widget_type=\"text-editor.default\">\n\t\t\t\t<div class=\"elementor-widget-container\">\n\t\t\t\t\t\t\t\t\t<img decoding=\"async\" class=\"aligncenter\" src=\"https:\/\/black.mihpocket.com.br\/wp-content\/uploads\/2024\/11\/Descomplicando-joy-1.png\" \/>\n<h4 style=\"color: #ffffff; line-height: 30px; text-align: center;\">Descomplicando a\nCricut Joy<\/h4>\n<p style=\"color: #ffffff; text-align: center;\">Domine a sua Cricut Joy de forma pr\u00e1tica e criativa, desde o b\u00e1sico at\u00e9 projetos avan\u00e7ados. Transforme suas ideias em realidade e comece a vender suas cria\u00e7\u00f5es!<\/p>\n<p style=\"color: #ffffff; text-align: center;\">De R$ 197,90 por<\/p>\n\n<h4 style=\"color: #e00f80; line-height: 1px; font-weight: 800; text-align: center;\">R$ 149,90<\/h4>\n<p style=\"color: #e00f80; text-align: center;\">ou em 12x de R$ 15,50 por<\/p>\t\t\t\t\t\t\t\t<\/div>\n\t\t\t\t<\/div>\n\t\t\t\t<div class=\"elementor-element elementor-element-692b802 elementor-align-center elementor-widget elementor-widget-button\" data-id=\"692b802\" data-element_type=\"widget\" data-widget_type=\"button.default\">\n\t\t\t\t<div class=\"elementor-widget-container\">\n\t\t\t\t\t\t\t\t\t<div class=\"elementor-button-wrapper\">\n\t\t\t\t\t<a class=\"elementor-button elementor-button-link elementor-size-xl\" href=\"https:\/\/pag.ae\/7-TXZEPM5\">\n\t\t\t\t\t\t<span class=\"elementor-button-content-wrapper\">\n\t\t\t\t\t\t\t\t\t<span class=\"elementor-button-text\">COMPRE AGORA<\/span>\n\t\t\t\t\t<\/span>\n\t\t\t\t\t<\/a>\n\t\t\t\t<\/div>\n\t\t\t\t\t\t\t\t<\/div>\n\t\t\t\t<\/div>\n\t\t\t\t\t<\/div>\n\t\t\t\t<\/div>\n\t\t<div class=\"elementor-element elementor-element-8eb3d63 e-flex e-con-boxed e-con e-child\" data-id=\"8eb3d63\" data-element_type=\"container\" data-settings=\"{&quot;background_background&quot;:&quot;classic&quot;}\">\n\t\t\t\t\t<div class=\"e-con-inner\">\n\t\t\t\t<div class=\"elementor-element elementor-element-989f28e elementor-widget elementor-widget-text-editor\" data-id=\"989f28e\" data-element_type=\"widget\" data-widget_type=\"text-editor.default\">\n\t\t\t\t<div class=\"elementor-widget-container\">\n\t\t\t\t\t\t\t\t\t<img decoding=\"async\" class=\"aligncenter\" src=\"https:\/\/black.mihpocket.com.br\/wp-content\/uploads\/2023\/11\/criando-com-ia.png\" \/>\n<h4 style=\"color: #ffffff; line-height: 30px; text-align: center;\">Criando com iA<\/h4>\n<p style=\"color: #ffffff; text-align: center;\">Aprenda a usar a intelig\u00eancia artificial a seu favor, desde a cria\u00e7\u00e3o de pe\u00e7as \u00e0 otimiza\u00e7\u00e3o do seu trabalho como artes\u00e3.<\/p>\n<p style=\"color: #ffffff; text-align: center;\">De R$ 329 por<\/p>\n\n<h4 style=\"color: #e00f80; line-height: 1px; font-weight: 800; text-align: center;\">R$ 78,32<\/h4>\n<p style=\"color: #e00f80; text-align: center;\">ou em 12x de R$ 8,10 por<\/p>\t\t\t\t\t\t\t\t<\/div>\n\t\t\t\t<\/div>\n\t\t\t\t<div class=\"elementor-element elementor-element-c82eefb elementor-align-center elementor-widget elementor-widget-button\" data-id=\"c82eefb\" data-element_type=\"widget\" data-widget_type=\"button.default\">\n\t\t\t\t<div class=\"elementor-widget-container\">\n\t\t\t\t\t\t\t\t\t<div class=\"elementor-button-wrapper\">\n\t\t\t\t\t<a class=\"elementor-button elementor-button-link elementor-size-xl\" href=\"https:\/\/pag.ae\/7-1GMCgm5\">\n\t\t\t\t\t\t<span class=\"elementor-button-content-wrapper\">\n\t\t\t\t\t\t\t\t\t<span class=\"elementor-button-text\">COMPRE AGORA<\/span>\n\t\t\t\t\t<\/span>\n\t\t\t\t\t<\/a>\n\t\t\t\t<\/div>\n\t\t\t\t\t\t\t\t<\/div>\n\t\t\t\t<\/div>\n\t\t\t\t\t<\/div>\n\t\t\t\t<\/div>\n\t\t<div class=\"elementor-element elementor-element-05cf7cf e-flex e-con-boxed e-con e-child\" data-id=\"05cf7cf\" data-element_type=\"container\" data-settings=\"{&quot;background_background&quot;:&quot;classic&quot;}\">\n\t\t\t\t\t<div class=\"e-con-inner\">\n\t\t\t\t<div class=\"elementor-element elementor-element-5996e89 elementor-widget elementor-widget-text-editor\" data-id=\"5996e89\" data-element_type=\"widget\" data-widget_type=\"text-editor.default\">\n\t\t\t\t<div class=\"elementor-widget-container\">\n\t\t\t\t\t\t\t\t\t<p><img decoding=\"async\" class=\"aligncenter\" src=\"https:\/\/black.mihpocket.com.br\/wp-content\/uploads\/2024\/11\/pack-cricut-1.png\" \/><\/p><h4 style=\"color: #ffffff; line-height: 30px; text-align: center;\">Pack Cricut<\/h4><p style=\"color: #ffffff; text-align: center;\">3 Cursos completos de Cricut pra voc\u00ea dominar todo o universo Cricut. <b>Oportunidade \u00fanica.<\/b><\/p><p style=\"color: #ffffff; text-align: center;\">De R$ 1.394,80 por<\/p><h4 style=\"color: #e00f80; line-height: 1px; font-weight: 800; text-align: center;\">R$ 797,90<\/h4><p style=\"color: #e00f80; text-align: center;\">ou em 12x de R$ 79,21 por<\/p>\t\t\t\t\t\t\t\t<\/div>\n\t\t\t\t<\/div>\n\t\t\t\t<div class=\"elementor-element elementor-element-e6d2957 elementor-align-center elementor-widget elementor-widget-button\" data-id=\"e6d2957\" data-element_type=\"widget\" data-widget_type=\"button.default\">\n\t\t\t\t<div class=\"elementor-widget-container\">\n\t\t\t\t\t\t\t\t\t<div class=\"elementor-button-wrapper\">\n\t\t\t\t\t<a class=\"elementor-button elementor-button-link elementor-size-xl\" href=\"https:\/\/pag.ae\/81cRaULQp\">\n\t\t\t\t\t\t<span class=\"elementor-button-content-wrapper\">\n\t\t\t\t\t\t\t\t\t<span class=\"elementor-button-text\">COMPRE AGORA<\/span>\n\t\t\t\t\t<\/span>\n\t\t\t\t\t<\/a>\n\t\t\t\t<\/div>\n\t\t\t\t\t\t\t\t<\/div>\n\t\t\t\t<\/div>\n\t\t\t\t\t<\/div>\n\t\t\t\t<\/div>\n\t\t<div class=\"elementor-element elementor-element-36e7845 e-flex e-con-boxed e-con e-child\" data-id=\"36e7845\" data-element_type=\"container\" data-settings=\"{&quot;background_background&quot;:&quot;classic&quot;}\">\n\t\t\t\t\t<div class=\"e-con-inner\">\n\t\t\t\t<div class=\"elementor-element elementor-element-9ae4f92 elementor-widget elementor-widget-text-editor\" data-id=\"9ae4f92\" data-element_type=\"widget\" data-widget_type=\"text-editor.default\">\n\t\t\t\t<div class=\"elementor-widget-container\">\n\t\t\t\t\t\t\t\t\t<img decoding=\"async\" src=\"https:\/\/black.mihpocket.com.br\/wp-content\/uploads\/2025\/11\/bvibliotecablack.png\" \/>\n<h4 style=\"color: #ffffff; line-height: 30px; text-align: center;\">Biblioteca Criativa<\/h4>\n<p style=\"color: #ffffff; text-align: center;\">Tenha acesso a arquivos prontos, cole\u00e7\u00f5es exclusivas e novidades todo m\u00eas! Tudo organizado, para que voc\u00ea crie sem complica\u00e7\u00e3o.<\/p>\n<p style=\"color: #ffffff; text-align: center;\">De R$ 59,90 por<\/p>\n\n<h4 style=\"color: #e00f80; line-height: 1px; font-weight: 800; text-align: center;\">R$ 39,90<\/h4>\n<p style=\"color: #e00f80; text-align: center;\">ou em 12x de R$ 4,90 por<\/p>\t\t\t\t\t\t\t\t<\/div>\n\t\t\t\t<\/div>\n\t\t\t\t<div class=\"elementor-element elementor-element-7049f3b elementor-align-center elementor-widget elementor-widget-button\" data-id=\"7049f3b\" data-element_type=\"widget\" data-widget_type=\"button.default\">\n\t\t\t\t<div class=\"elementor-widget-container\">\n\t\t\t\t\t\t\t\t\t<div class=\"elementor-button-wrapper\">\n\t\t\t\t\t<a class=\"elementor-button elementor-button-link elementor-size-xl\" href=\"https:\/\/pag.ae\/81cRcJsm4\">\n\t\t\t\t\t\t<span class=\"elementor-button-content-wrapper\">\n\t\t\t\t\t\t\t\t\t<span class=\"elementor-button-text\">COMPRE AGORA<\/span>\n\t\t\t\t\t<\/span>\n\t\t\t\t\t<\/a>\n\t\t\t\t<\/div>\n\t\t\t\t\t\t\t\t<\/div>\n\t\t\t\t<\/div>\n\t\t\t\t\t<\/div>\n\t\t\t\t<\/div>\n\t\t\t\t\t<\/div>\n\t\t\t\t<\/div>\n\t\t\t\t\t<\/div>\n\t\t\t\t<\/div>\n\t\t\t\t\t<\/div>\n\t\t\t\t<\/div>\n\t\t<div class=\"elementor-element elementor-element-644641d e-flex e-con-boxed e-con e-parent\" data-id=\"644641d\" data-element_type=\"container\" data-settings=\"{&quot;background_background&quot;:&quot;gradient&quot;}\">\n\t\t\t\t\t<div class=\"e-con-inner\">\n\t\t\t\t\t<\/div>\n\t\t\t\t<\/div>\n\t\t\t\t<\/div>\n\t\t","protected":false},"excerpt":{"rendered":"<p>TODOS OS CURSOS COM DESCONTOS ABSURDOS 00Dias 00Horas 00Min. 00Seg. Cricut sem Segredos &nbsp; Curso completo de Cricut com mais de 80 aulas pr\u00e1ticas. Voc\u00ea vai aprender a usar o Design Space e as m\u00e1quinas Cricut. &nbsp; De R$ 899,90 por R$ 497,90 ou em 12x de R$ 51,50 por COMPRE AGORA Tire a Cricut [&hellip;]<\/p>\n","protected":false},"author":1,"featured_media":0,"parent":0,"menu_order":0,"comment_status":"closed","ping_status":"closed","template":"","meta":{"footnotes":""},"class_list":["post-7","page","type-page","status-publish","hentry"],"_links":{"self":[{"href":"https:\/\/black.mihpocket.com.br\/index.php\/wp-json\/wp\/v2\/pages\/7","targetHints":{"allow":["GET"]}}],"collection":[{"href":"https:\/\/black.mihpocket.com.br\/index.php\/wp-json\/wp\/v2\/pages"}],"about":[{"href":"https:\/\/black.mihpocket.com.br\/index.php\/wp-json\/wp\/v2\/types\/page"}],"author":[{"embeddable":true,"href":"https:\/\/black.mihpocket.com.br\/index.php\/wp-json\/wp\/v2\/users\/1"}],"replies":[{"embeddable":true,"href":"https:\/\/black.mihpocket.com.br\/index.php\/wp-json\/wp\/v2\/comments?post=7"}],"version-history":[{"count":297,"href":"https:\/\/black.mihpocket.com.br\/index.php\/wp-json\/wp\/v2\/pages\/7\/revisions"}],"predecessor-version":[{"id":365,"href":"https:\/\/black.mihpocket.com.br\/index.php\/wp-json\/wp\/v2\/pages\/7\/revisions\/365"}],"wp:attachment":[{"href":"https:\/\/black.mihpocket.com.br\/index.php\/wp-json\/wp\/v2\/media?parent=7"}],"curies":[{"name":"wp","href":"https:\/\/api.w.org\/{rel}","templated":true}]}}